{"id":699,"date":"2022-09-18T15:12:35","date_gmt":"2022-09-18T13:12:35","guid":{"rendered":"https:\/\/www.holasek.eu\/domains\/holasek.eu\/bezugsstoffe\/"},"modified":"2024-02-14T12:10:01","modified_gmt":"2024-02-14T11:10:01","slug":"bezugsstoffe","status":"publish","type":"page","link":"https:\/\/www.holasek.eu\/de\/bezugsstoffe\/","title":{"rendered":"Bezugsstoffe"},"content":{"rendered":"<p>[et_pb_section fb_built=&#8220;1&#8243; fullwidth=&#8220;on&#8220; _builder_version=&#8220;4.18.0&#8243; _module_preset=&#8220;default&#8220; global_colors_info=&#8220;{}&#8220;][et_pb_fullwidth_header title=&#8220;@ET-DC@eyJkeW5hbWljIjp0cnVlLCJjb250ZW50IjoicG9zdF90aXRsZSIsInNldHRpbmdzIjp7ImJlZm9yZSI6IiIsImFmdGVyIjoiIn19@&#8220; text_orientation=&#8220;center&#8220; _builder_version=&#8220;4.18.0&#8243; _dynamic_attributes=&#8220;title&#8220; _module_preset=&#8220;default&#8220; title_font=&#8220;|700|||||||&#8220; global_colors_info=&#8220;{}&#8220;][\/et_pb_fullwidth_header][\/et_pb_section][et_pb_section fb_built=&#8220;1&#8243; _builder_version=&#8220;4.18.0&#8243; background_color=&#8220;#43291D&#8220; global_colors_info=&#8220;{}&#8220;][et_pb_row column_structure=&#8220;1_2,1_2&#8243; _builder_version=&#8220;4.18.0&#8243; background_size=&#8220;initial&#8220; background_position=&#8220;top_left&#8220; background_repeat=&#8220;repeat&#8220; global_colors_info=&#8220;{}&#8220;][et_pb_column type=&#8220;1_2&#8243; _builder_version=&#8220;4.16&#8243; custom_padding=&#8220;|||&#8220; global_colors_info=&#8220;{}&#8220; custom_padding__hover=&#8220;|||&#8220;][et_pb_text _builder_version=&#8220;4.19.0&#8243; header_2_font=&#8220;||||||||&#8220; background_size=&#8220;initial&#8220; background_position=&#8220;top_left&#8220; background_repeat=&#8220;repeat&#8220; global_colors_info=&#8220;{}&#8220;]<\/p>\n<h4>Stoffangebot<\/h4>\n<h2><strong>Bezugsstoffe &amp; Dekoration<\/strong><\/h2>\n<p>[\/et_pb_text][et_pb_text _builder_version=&#8220;4.18.0&#8243; header_2_font=&#8220;||||||||&#8220; background_size=&#8220;initial&#8220; background_position=&#8220;top_left&#8220; background_repeat=&#8220;repeat&#8220; background_layout=&#8220;dark&#8220; global_colors_info=&#8220;{}&#8220;]<\/p>\n<p><strong>\u2192 Romo<\/strong><br \/><strong>\u2192 Villa Nova<\/strong><br \/><strong>\u2192 Kirkby Design<\/strong><br \/><strong>\u2192 Backhausen<\/strong><br \/><strong>\u2192 Simta s.p.a.<\/strong><br \/><strong>\u2192 Clarke Clarke<\/strong><br \/><strong>\u2192 Prestigious Textiles<\/strong><br \/><strong>\u2192 Designers Guild<\/strong><\/p>\n<p><strong>\u2192 Echtleder<\/strong><strong><\/strong><\/p>\n<p><strong><\/strong><\/p>\n<p>[\/et_pb_text][et_pb_text _builder_version=&#8220;4.19.0&#8243; _module_preset=&#8220;default&#8220; background_layout=&#8220;dark&#8220; global_colors_info=&#8220;{}&#8220;]<\/p>\n<p><strong>Unsere Bezugsstoffe sind frei zu verkaufen und jeder kann die Stoffe in beliebiger Menge kaufen. Auch wenn man gerade nicht unsere Dienste ausn\u00fctzt.<\/strong><\/p>\n<p>In unserem Sortiment haben wir Stoffe von tschechischen Lieferanten, welche auch in der Tschechischen Republik hergestellt werden. Weiters bieten wir Rindsleder an.<\/p>\n<p>Und damit wir auch die anspruchsvollsten Kunden befriedigen k\u00f6nnten und gleichzeitig unser Portfolio erweitern, bieten wir Stoffe von ausl\u00e4ndischen Lieferanten aus Gro\u00dfbritannien, Italien, \u00d6sterreich und anderen EU-L\u00e4ndern an.<\/p>\n<p>[\/et_pb_text][\/et_pb_column][et_pb_column type=&#8220;1_2&#8243; _builder_version=&#8220;4.16&#8243; custom_padding=&#8220;|||&#8220; global_colors_info=&#8220;{}&#8220; custom_padding__hover=&#8220;|||&#8220;][et_pb_image src=&#8220;https:\/\/www.holasek.eu\/domains\/holasek.eu\/wp-content\/uploads\/2022\/09\/Potahove-latky.jpg&#8220; title_text=&#8220;Potahov\u00e9 l\u00e1tky&#8220; _builder_version=&#8220;4.18.0&#8243; _module_preset=&#8220;default&#8220; global_colors_info=&#8220;{}&#8220;][\/et_pb_image][\/et_pb_column][\/et_pb_row][\/et_pb_section][et_pb_section fb_built=&#8220;1&#8243; _builder_version=&#8220;4.18.0&#8243; _module_preset=&#8220;default&#8220; background_color=&#8220;#372117&#8243; global_colors_info=&#8220;{}&#8220;][et_pb_row column_structure=&#8220;1_4,3_4&#8243; _builder_version=&#8220;4.18.0&#8243; _module_preset=&#8220;default&#8220; global_colors_info=&#8220;{}&#8220;][et_pb_column type=&#8220;1_4&#8243; _builder_version=&#8220;4.18.0&#8243; _module_preset=&#8220;default&#8220; global_colors_info=&#8220;{}&#8220;][et_pb_image src=&#8220;https:\/\/www.holasek.eu\/domains\/holasek.eu\/wp-content\/uploads\/2022\/09\/Logo-Romo.jpg&#8220; title_text=&#8220;Logo Romo&#8220; _builder_version=&#8220;4.18.0&#8243; _module_preset=&#8220;default&#8220; global_colors_info=&#8220;{}&#8220;][\/et_pb_image][\/et_pb_column][et_pb_column type=&#8220;3_4&#8243; _builder_version=&#8220;4.18.0&#8243; _module_preset=&#8220;default&#8220; global_colors_info=&#8220;{}&#8220;][et_pb_text _builder_version=&#8220;4.18.0&#8243; _module_preset=&#8220;default&#8220; link_font=&#8220;||||on||||&#8220; link_text_color=&#8220;#FFFCF7&#8243; background_layout=&#8220;dark&#8220; global_colors_info=&#8220;{}&#8220;]<\/p>\n<h4>Romo<\/h4>\n<p><a href=\"https:\/\/www.romo.com\/collections\/prints-weaves\/oxley\" target=\"_blank\" rel=\"noopener\">Oxley<\/a><br \/><a href=\"https:\/\/www.romo.com\/collections\/plains\/miro\" target=\"_blank\" rel=\"noopener\">Miro<\/a><br \/><a href=\"https:\/\/www.romo.com\/collections\/prints-weaves\/arlyn\" target=\"_blank\" rel=\"noopener\">Arlyn<\/a><br \/><a href=\"https:\/\/www.romo.com\/collections\/prints-weaves\/habanera\" target=\"_blank\" rel=\"noopener\">Habanera &#8211; FR<\/a><br \/><a href=\"https:\/\/www.romo.com\/collections\/prints-weaves\/orton\" target=\"_blank\" rel=\"noopener\">Orton<\/a><br \/><a href=\"https:\/\/www.romo.com\/collections\/outdoor-fabrics\/mokolo\" target=\"_blank\" rel=\"noopener\">Mokolo &#8211; Outdoor<\/a><br \/><a href=\"https:\/\/www.romo.com\/collections\/prints-weaves\/cubis\" target=\"_blank\" rel=\"noopener\">Cubis<\/a><br \/><a href=\"https:\/\/www.romo.com\/collections\/plains\/linara\" target=\"_blank\" rel=\"noopener\">Linara<\/a><\/p>\n<p>[\/et_pb_text][\/et_pb_column][\/et_pb_row][\/et_pb_section][et_pb_section fb_built=&#8220;1&#8243; _builder_version=&#8220;4.18.0&#8243; _module_preset=&#8220;default&#8220; background_color=&#8220;#43291d&#8220; global_colors_info=&#8220;{}&#8220;][et_pb_row column_structure=&#8220;3_4,1_4&#8243; _builder_version=&#8220;4.18.0&#8243; _module_preset=&#8220;default&#8220; global_colors_info=&#8220;{}&#8220;][et_pb_column type=&#8220;3_4&#8243; _builder_version=&#8220;4.18.0&#8243; _module_preset=&#8220;default&#8220; global_colors_info=&#8220;{}&#8220;][et_pb_text _builder_version=&#8220;4.18.0&#8243; _module_preset=&#8220;default&#8220; link_font=&#8220;||||on||||&#8220; link_text_color=&#8220;#FFFCF7&#8243; background_layout=&#8220;dark&#8220; global_colors_info=&#8220;{}&#8220;]<\/p>\n<h4>Villa Nova<\/h4>\n<p><a href=\"https:\/\/www.villanova.co.uk\/collections\/plains\/quinto\" target=\"_blank\" rel=\"noopener\">Quinto<\/a><br \/><a href=\"https:\/\/www.villanova.co.uk\/collections\/prints\/huari-weaves\" target=\"_blank\" rel=\"noopener\">Huari Weaves<\/a><br \/><a href=\"https:\/\/www.villanova.co.uk\/collections\/plains\/atlantis\" target=\"_blank\" rel=\"noopener\">Atlantis &#8211; Easy Clean<\/a><br \/><a href=\"https:\/\/www.villanova.co.uk\/collections\/plains\/valleta\" target=\"_blank\" rel=\"noopener\">Valleta &#8211; Wide-Width Satin<\/a><br \/><a href=\"https:\/\/www.villanova.co.uk\/collections\/plains\/atil\" target=\"_blank\" rel=\"noopener\">Atil &#8211; Easy Clean<\/a><br \/><a href=\"https:\/\/www.villanova.co.uk\/collections\/plains\/ravello\" target=\"_blank\" rel=\"noopener\">Ravello &#8211; FR dimout fabric<\/a><br \/><a href=\"https:\/\/www.villanova.co.uk\/collections\/plains\/lucerne\" target=\"_blank\" rel=\"noopener\">Lucerne<\/a><\/p>\n<p>[\/et_pb_text][\/et_pb_column][et_pb_column type=&#8220;1_4&#8243; _builder_version=&#8220;4.18.0&#8243; _module_preset=&#8220;default&#8220; global_colors_info=&#8220;{}&#8220;][et_pb_image src=&#8220;https:\/\/www.holasek.eu\/domains\/holasek.eu\/wp-content\/uploads\/2022\/10\/logo-villanova.png&#8220; title_text=&#8220;logo-villanova&#8220; _builder_version=&#8220;4.18.0&#8243; _module_preset=&#8220;default&#8220; global_colors_info=&#8220;{}&#8220;][\/et_pb_image][\/et_pb_column][\/et_pb_row][\/et_pb_section][et_pb_section fb_built=&#8220;1&#8243; _builder_version=&#8220;4.18.0&#8243; _module_preset=&#8220;default&#8220; background_color=&#8220;#372117&#8243; global_colors_info=&#8220;{}&#8220;][et_pb_row column_structure=&#8220;1_4,3_4&#8243; _builder_version=&#8220;4.18.0&#8243; _module_preset=&#8220;default&#8220; global_colors_info=&#8220;{}&#8220;][et_pb_column type=&#8220;1_4&#8243; _builder_version=&#8220;4.18.0&#8243; _module_preset=&#8220;default&#8220; global_colors_info=&#8220;{}&#8220;][et_pb_image src=&#8220;https:\/\/www.holasek.eu\/domains\/holasek.eu\/wp-content\/uploads\/2022\/10\/Logo-kirbydesign.png&#8220; title_text=&#8220;Logo kirbydesign&#8220; _builder_version=&#8220;4.18.0&#8243; _module_preset=&#8220;default&#8220; global_colors_info=&#8220;{}&#8220;][\/et_pb_image][\/et_pb_column][et_pb_column type=&#8220;3_4&#8243; _builder_version=&#8220;4.18.0&#8243; _module_preset=&#8220;default&#8220; global_colors_info=&#8220;{}&#8220;][et_pb_text _builder_version=&#8220;4.18.0&#8243; _module_preset=&#8220;default&#8220; link_font=&#8220;||||on||||&#8220; link_text_color=&#8220;#FFFCF7&#8243; background_layout=&#8220;dark&#8220; global_colors_info=&#8220;{}&#8220;]<\/p>\n<h4>Kirkby Design<\/h4>\n<p><a href=\"https:\/\/www.kirkbydesign.com\/collections\/plains\/faze\" target=\"_blank\" rel=\"noopener\">Faze<\/a><br \/><a href=\"https:\/\/www.kirkbydesign.com\/collections\/plains\/gobi\" target=\"_blank\" rel=\"noopener\">Gobi<\/a><br \/><a href=\"https:\/\/www.kirkbydesign.com\/collections\/patterns\/volume\" target=\"_blank\" rel=\"noopener\">Volume<\/a><br \/><a href=\"https:\/\/www.kirkbydesign.com\/collections\/patterns\/arco?setLocale=en-GB\" target=\"_blank\" rel=\"noopener\">Arco Geometric<\/a><br \/><a href=\"https:\/\/www.kirkbydesign.com\/collections\/plains\/smooth-iii\" target=\"_blank\" rel=\"noopener\">Smooth III &#8211; Easy Clean Velvet<\/a><br \/><a href=\"https:\/\/www.kirkbydesign.com\/collections\/plains\/soda\" target=\"_blank\" rel=\"noopener\">Soda &#8211; FR<\/a><br \/><a href=\"https:\/\/www.kirkbydesign.com\/collections\/patterns\/underground-volii\" target=\"_blank\" rel=\"noopener\">Underground II<\/a><br \/><a href=\"https:\/\/www.kirkbydesign.com\/collections\/patterns\/kirkby-design-x-eley-kishimoto\" target=\"_blank\" rel=\"noopener\">Eley Kishimoto<\/a><br \/><a href=\"https:\/\/www.kirkbydesign.com\/collections\/plains\/tone?setLocale=en-GB\" target=\"_blank\" rel=\"noopener\">Tone &#8211; FR &amp; Easy Clean<\/a><br \/><a href=\"https:\/\/www.kirkbydesign.com\/collections\/plains\/grain\" target=\"_blank\" rel=\"noopener\">Grain &#8211; FR faux leather<\/a><br \/><a href=\"https:\/\/www.kirkbydesign.com\/collections\/plains\/ice\" target=\"_blank\" rel=\"noopener\">Ice<\/a><br \/><a href=\"https:\/\/www.kirkbydesign.com\/collections\/plains\/sahara-iii\" target=\"_blank\" rel=\"noopener\">Sahara<\/a><br \/><a href=\"https:\/\/www.kirkbydesign.com\/collections\/plains\/crush-ii\" target=\"_blank\" rel=\"noopener\">Crush &#8211; samet<\/a><\/p>\n<p>[\/et_pb_text][\/et_pb_column][\/et_pb_row][\/et_pb_section][et_pb_section fb_built=&#8220;1&#8243; _builder_version=&#8220;4.18.0&#8243; _module_preset=&#8220;default&#8220; background_color=&#8220;#43291d&#8220; global_colors_info=&#8220;{}&#8220;][et_pb_row column_structure=&#8220;3_4,1_4&#8243; _builder_version=&#8220;4.18.0&#8243; _module_preset=&#8220;default&#8220; global_colors_info=&#8220;{}&#8220;][et_pb_column type=&#8220;3_4&#8243; _builder_version=&#8220;4.18.0&#8243; _module_preset=&#8220;default&#8220; global_colors_info=&#8220;{}&#8220;][et_pb_text _builder_version=&#8220;4.18.0&#8243; _module_preset=&#8220;default&#8220; link_font=&#8220;||||on||||&#8220; link_text_color=&#8220;#FFFCF7&#8243; background_layout=&#8220;dark&#8220; global_colors_info=&#8220;{}&#8220;]<\/p>\n<h4>Einige Stoffe von BACKHAUSEN noch LAGERND<\/h4>\n<h4><\/h4>\n<h4><\/h4>\n<h4><\/h4>\n<p>[\/et_pb_text][\/et_pb_column][et_pb_column type=&#8220;1_4&#8243; _builder_version=&#8220;4.18.0&#8243; _module_preset=&#8220;default&#8220; global_colors_info=&#8220;{}&#8220;][et_pb_image src=&#8220;https:\/\/www.holasek.eu\/domains\/holasek.eu\/wp-content\/uploads\/2022\/09\/Logo-Backhausen.jpg&#8220; title_text=&#8220;Logo Backhausen&#8220; _builder_version=&#8220;4.18.0&#8243; _module_preset=&#8220;default&#8220; global_colors_info=&#8220;{}&#8220;][\/et_pb_image][\/et_pb_column][\/et_pb_row][\/et_pb_section][et_pb_section fb_built=&#8220;1&#8243; _builder_version=&#8220;4.18.0&#8243; _module_preset=&#8220;default&#8220; background_color=&#8220;#372117&#8243; global_colors_info=&#8220;{}&#8220;][et_pb_row column_structure=&#8220;1_4,3_4&#8243; _builder_version=&#8220;4.18.0&#8243; _module_preset=&#8220;default&#8220; global_colors_info=&#8220;{}&#8220;][et_pb_column type=&#8220;1_4&#8243; _builder_version=&#8220;4.18.0&#8243; _module_preset=&#8220;default&#8220; global_colors_info=&#8220;{}&#8220;][et_pb_image src=&#8220;https:\/\/www.holasek.eu\/domains\/holasek.eu\/wp-content\/uploads\/2022\/10\/Logo-Simta.png&#8220; title_text=&#8220;Logo Simta&#8220; _builder_version=&#8220;4.18.0&#8243; _module_preset=&#8220;default&#8220; global_colors_info=&#8220;{}&#8220;][\/et_pb_image][\/et_pb_column][et_pb_column type=&#8220;3_4&#8243; _builder_version=&#8220;4.18.0&#8243; _module_preset=&#8220;default&#8220; global_colors_info=&#8220;{}&#8220;][et_pb_text _builder_version=&#8220;4.19.1&#8243; _module_preset=&#8220;default&#8220; link_font=&#8220;||||on||||&#8220; link_text_color=&#8220;#FFFCF7&#8243; background_layout=&#8220;dark&#8220; global_colors_info=&#8220;{}&#8220;]<\/p>\n<h4>Simta s.p.a.<\/h4>\n<p><a href=\"https:\/\/simtaspa.com\/en\/catalog\/arno-n19\" target=\"_blank\" rel=\"noopener\">ARNO<\/a><\/p>\n<p><a href=\"https:\/\/simtaspa.com\/en\/catalog\/boucle--n17\" target=\"_blank\" rel=\"noopener\">BOUCLE&#8216;<\/a><\/p>\n<p><a href=\"https:\/\/simtaspa.com\/en\/catalog\/corolle-n42\" target=\"_blank\" rel=\"noopener\">COROLLE<\/a><\/p>\n<p><a href=\"https:\/\/simtaspa.com\/en\/catalog\/flora-n87\" target=\"_blank\" rel=\"noopener\">FLORA<\/a><\/p>\n<p><a href=\"https:\/\/simtaspa.com\/en\/catalog\/kilim-n63\" target=\"_blank\" rel=\"noopener\">KILIM<\/a><\/p>\n<p><a href=\"https:\/\/simtaspa.com\/en\/catalog\/rio-n107\" target=\"_blank\" rel=\"noopener\">RIO<\/a><\/p>\n<p><a href=\"https:\/\/simtaspa.com\/en\/catalog\/simmetrie-n38\" target=\"_blank\" rel=\"noopener\">SIMMETRIE<\/a><\/p>\n<p><a href=\"https:\/\/simtaspa.com\/en\/catalog\/tevere-n50\" target=\"_blank\" rel=\"noopener\">TEVERE<\/a><\/p>\n<p><a href=\"https:\/\/simtaspa.com\/en\/catalog\/vega-n34\" target=\"_blank\" rel=\"noopener\">VEGA<\/a><\/p>\n<p><a href=\"https:\/\/simtaspa.com\/en\/catalog\/velluto-dralon-n45\" target=\"_blank\" rel=\"noopener\">VELLUTO DRALON<\/a><\/p>\n<p><a href=\"https:\/\/simtaspa.com\/en\/catalog\/versailles-n32\" target=\"_blank\" rel=\"noopener\">VERSAILLES<\/a><\/p>\n<p>[\/et_pb_text][\/et_pb_column][\/et_pb_row][\/et_pb_section][et_pb_section fb_built=&#8220;1&#8243; _builder_version=&#8220;4.18.0&#8243; _module_preset=&#8220;default&#8220; background_color=&#8220;#43291d&#8220; global_colors_info=&#8220;{}&#8220;][et_pb_row column_structure=&#8220;3_4,1_4&#8243; _builder_version=&#8220;4.18.0&#8243; _module_preset=&#8220;default&#8220; global_colors_info=&#8220;{}&#8220;][et_pb_column type=&#8220;3_4&#8243; _builder_version=&#8220;4.18.0&#8243; _module_preset=&#8220;default&#8220; global_colors_info=&#8220;{}&#8220;][et_pb_text _builder_version=&#8220;4.18.0&#8243; _module_preset=&#8220;default&#8220; link_font=&#8220;||||on||||&#8220; link_text_color=&#8220;#FFFCF7&#8243; background_layout=&#8220;dark&#8220; global_colors_info=&#8220;{}&#8220;]<\/p>\n<h4 class=\"art-postheader\">Clarke &amp; Clarke<\/h4>\n<p class=\"art-postheader\"><a href=\"https:\/\/clarke-clarke.sandersondesigngroup.com\/product\/fabric\/f0753-01\/\" target=\"_blank\" rel=\"noopener\">Alvar<\/a><\/p>\n<p>[\/et_pb_text][\/et_pb_column][et_pb_column type=&#8220;1_4&#8243; _builder_version=&#8220;4.18.0&#8243; _module_preset=&#8220;default&#8220; global_colors_info=&#8220;{}&#8220;][et_pb_image src=&#8220;https:\/\/www.holasek.eu\/domains\/holasek.eu\/wp-content\/uploads\/2022\/09\/Logo-Clarke.jpg&#8220; title_text=&#8220;Logo Clarke&#8220; _builder_version=&#8220;4.18.0&#8243; _module_preset=&#8220;default&#8220; global_colors_info=&#8220;{}&#8220;][\/et_pb_image][\/et_pb_column][\/et_pb_row][\/et_pb_section][et_pb_section fb_built=&#8220;1&#8243; _builder_version=&#8220;4.18.0&#8243; _module_preset=&#8220;default&#8220; background_color=&#8220;#372117&#8243; global_colors_info=&#8220;{}&#8220;][et_pb_row column_structure=&#8220;1_4,3_4&#8243; _builder_version=&#8220;4.18.0&#8243; _module_preset=&#8220;default&#8220; global_colors_info=&#8220;{}&#8220;][et_pb_column type=&#8220;1_4&#8243; _builder_version=&#8220;4.18.0&#8243; _module_preset=&#8220;default&#8220; global_colors_info=&#8220;{}&#8220;][et_pb_image src=&#8220;https:\/\/www.holasek.eu\/domains\/holasek.eu\/wp-content\/uploads\/2022\/10\/Logo-Prestigious-Textiles.png&#8220; title_text=&#8220;Logo Prestigious Textiles&#8220; _builder_version=&#8220;4.18.0&#8243; _module_preset=&#8220;default&#8220; global_colors_info=&#8220;{}&#8220;][\/et_pb_image][\/et_pb_column][et_pb_column type=&#8220;3_4&#8243; _builder_version=&#8220;4.18.0&#8243; _module_preset=&#8220;default&#8220; global_colors_info=&#8220;{}&#8220;][et_pb_text _builder_version=&#8220;4.18.0&#8243; _module_preset=&#8220;default&#8220; link_font=&#8220;||||on||||&#8220; link_text_color=&#8220;#FFFCF7&#8243; background_layout=&#8220;dark&#8220; global_colors_info=&#8220;{}&#8220;]<\/p>\n<h4>Prestigious Textiles<\/h4>\n<p>[\/et_pb_text][\/et_pb_column][\/et_pb_row][\/et_pb_section][et_pb_section fb_built=&#8220;1&#8243; _builder_version=&#8220;4.18.0&#8243; _module_preset=&#8220;default&#8220; background_color=&#8220;#43291d&#8220; global_colors_info=&#8220;{}&#8220;][et_pb_row column_structure=&#8220;3_4,1_4&#8243; _builder_version=&#8220;4.18.0&#8243; _module_preset=&#8220;default&#8220; global_colors_info=&#8220;{}&#8220;][et_pb_column type=&#8220;3_4&#8243; _builder_version=&#8220;4.18.0&#8243; _module_preset=&#8220;default&#8220; global_colors_info=&#8220;{}&#8220;][et_pb_text _builder_version=&#8220;4.18.0&#8243; _module_preset=&#8220;default&#8220; link_font=&#8220;||||on||||&#8220; link_text_color=&#8220;#FFFCF7&#8243; background_layout=&#8220;dark&#8220; global_colors_info=&#8220;{}&#8220;]<\/p>\n<h4>Designers Guild<\/h4>\n<p><a href=\"https:\/\/www.designersguild.com\/uk\/fabric\/royal-collection\/connaught-fabrics\/c658\" target=\"_blank\" rel=\"noopener\">Connaught &#8211; The Royal Collection<\/a>, <a href=\"https:\/\/www.designersguild.com\/uk\/fabric\/william-yeoward\/larkin-fabrics\/c657\" target=\"_blank\" rel=\"noopener\">Larkin<\/a><br \/><a href=\"https:\/\/www.designersguild.com\/uk\/fabric\/mattiazzo-weaves\/c632\" target=\"_blank\" rel=\"noopener\">Mattiazzo Compilation<\/a><br \/><a href=\"https:\/\/www.designersguild.com\/uk\/fabric\/designers-guild-essentials\/vicenza-fabrics\/c674\" target=\"_blank\" rel=\"noopener\">Vicenza (samet)<\/a><\/p>\n<p>[\/et_pb_text][\/et_pb_column][et_pb_column type=&#8220;1_4&#8243; _builder_version=&#8220;4.18.0&#8243; _module_preset=&#8220;default&#8220; global_colors_info=&#8220;{}&#8220;][et_pb_image src=&#8220;https:\/\/www.holasek.eu\/domains\/holasek.eu\/wp-content\/uploads\/2022\/09\/Logo-Designers-Guild.jpg&#8220; title_text=&#8220;Logo Designers Guild&#8220; _builder_version=&#8220;4.18.0&#8243; _module_preset=&#8220;default&#8220; global_colors_info=&#8220;{}&#8220;][\/et_pb_image][\/et_pb_column][\/et_pb_row][\/et_pb_section][et_pb_section fb_built=&#8220;1&#8243; module_id=&#8220;kontakt&#8220; _builder_version=&#8220;4.18.0&#8243; _module_preset=&#8220;default&#8220; background_color=&#8220;#372117&#8243; global_module=&#8220;746&#8243; saved_tabs=&#8220;all&#8220; global_colors_info=&#8220;{}&#8220;][et_pb_row _builder_version=&#8220;4.18.0&#8243; _module_preset=&#8220;default&#8220; global_colors_info=&#8220;{}&#8220;][et_pb_column type=&#8220;4_4&#8243; _builder_version=&#8220;4.18.0&#8243; _module_preset=&#8220;default&#8220; global_colors_info=&#8220;{}&#8220;][et_pb_text admin_label=&#8220;Text&#8220; _builder_version=&#8220;4.19.0&#8243; _module_preset=&#8220;default&#8220; header_4_font=&#8220;||||||||&#8220; background_layout=&#8220;dark&#8220; global_colors_info=&#8220;{}&#8220;]<\/p>\n<h4>Kontakt<\/h4>\n<h2>Wir sind in der Tschechischen Republik sowie in ganz <strong>\u00d6sterreich und Deutschland t\u00e4tig<\/strong><\/h2>\n<p>[\/et_pb_text][\/et_pb_column][\/et_pb_row][et_pb_row column_structure=&#8220;1_3,1_3,1_3&#8243; _builder_version=&#8220;4.18.0&#8243; _module_preset=&#8220;default&#8220; global_colors_info=&#8220;{}&#8220;][et_pb_column type=&#8220;1_3&#8243; _builder_version=&#8220;4.18.0&#8243; _module_preset=&#8220;default&#8220; global_colors_info=&#8220;{}&#8220;][et_pb_text _builder_version=&#8220;4.19.0&#8243; _module_preset=&#8220;default&#8220; link_font=&#8220;||||||||&#8220; link_text_color=&#8220;#E9E0D0&#8243; background_layout=&#8220;dark&#8220; global_colors_info=&#8220;{}&#8220;]<\/p>\n<h5>Gesch\u00e4ftsf\u00fchrer<\/h5>\n<p><strong>Michal Hol\u00e1sek<\/strong><br \/>Tel.: <a href=\"tel:+420777613658\">+420&nbsp;777&nbsp;613&nbsp;658<\/a><br \/>Email: <a href=\"mailto:michal.holasek@holasek.eu\" target=\"_blank\" rel=\"noopener\">michal.holasek@holasek.eu<\/a><br \/>Eshop: <a href=\"https:\/\/holasekshop.eu\" target=\"_blank\" rel=\"noopener\">www.holasekshop.eu<\/a><br \/>Web: <a href=\"https:\/\/www.holasek.eu\/\" target=\"_blank\" rel=\"noopener\">www.holasek.eu<\/a><\/p>\n<p><em>Wir sprechen DEUTSCH!<\/em><\/p>\n<p>[\/et_pb_text][et_pb_social_media_follow _builder_version=&#8220;4.18.0&#8243; _module_preset=&#8220;default&#8220; global_colors_info=&#8220;{}&#8220;][et_pb_social_media_follow_network social_network=&#8220;whatsapp&#8220; url=&#8220;https:\/\/wa.me\/420777613658&#8243; icon_color=&#8220;#372117&#8243; _builder_version=&#8220;4.18.0&#8243; _module_preset=&#8220;default&#8220; background_color=&#8220;#E9E0D0&#8243; background_enable_color=&#8220;on&#8220; global_colors_info=&#8220;{}&#8220; follow_button=&#8220;off&#8220; url_new_window=&#8220;on&#8220;]whatsapp[\/et_pb_social_media_follow_network][et_pb_social_media_follow_network social_network=&#8220;instagram&#8220; url=&#8220;https:\/\/www.instagram.com\/ufholasek\/&#8220; icon_color=&#8220;#372117&#8243; _builder_version=&#8220;4.18.0&#8243; _module_preset=&#8220;default&#8220; background_color=&#8220;#E9E0D0&#8243; background_enable_color=&#8220;on&#8220; global_colors_info=&#8220;{}&#8220; follow_button=&#8220;off&#8220; url_new_window=&#8220;on&#8220;]instagram[\/et_pb_social_media_follow_network][et_pb_social_media_follow_network social_network=&#8220;facebook&#8220; url=&#8220;https:\/\/www.facebook.com\/Holasekeu&#8220; icon_color=&#8220;#372117&#8243; _builder_version=&#8220;4.18.0&#8243; _module_preset=&#8220;default&#8220; background_color=&#8220;#E9E0D0&#8243; background_enable_color=&#8220;on&#8220; global_colors_info=&#8220;{}&#8220; follow_button=&#8220;off&#8220; url_new_window=&#8220;on&#8220;]facebook[\/et_pb_social_media_follow_network][\/et_pb_social_media_follow][\/et_pb_column][et_pb_column type=&#8220;1_3&#8243; _builder_version=&#8220;4.18.0&#8243; _module_preset=&#8220;default&#8220; global_colors_info=&#8220;{}&#8220;][et_pb_text _builder_version=&#8220;4.19.0&#8243; _module_preset=&#8220;default&#8220; link_text_color=&#8220;#E9E0D0&#8243; background_layout=&#8220;dark&#8220; global_colors_info=&#8220;{}&#8220;]<\/p>\n<h5>Kontaktstellen<\/h5>\n<p>Nach telefonischer Vereinbarung<br \/><a href=\"tel:+420777613658\">+420&nbsp;777&nbsp;613&nbsp;658<\/a><\/p>\n<p><strong>Znojmo<\/strong><br \/>Bratrstva 2127\/16<br \/>CZ-669&nbsp;02 Znojmo<\/p>\n<p><strong>Jihlava<\/strong><br \/>Business Park Jihlava<br \/>Anton\u00edn\u016fv D\u016fl 107<br \/>CZ-586&nbsp;01 Jihlava<\/p>\n<p>[\/et_pb_text][\/et_pb_column][et_pb_column type=&#8220;1_3&#8243; _builder_version=&#8220;4.18.0&#8243; _module_preset=&#8220;default&#8220; global_colors_info=&#8220;{}&#8220;][et_pb_text _builder_version=&#8220;4.19.0&#8243; _module_preset=&#8220;default&#8220; link_text_color=&#8220;#E9E0D0&#8243; background_layout=&#8220;dark&#8220; global_colors_info=&#8220;{}&#8220;]<\/p>\n<h5>Hauptsitz und Rechnungsadresse<\/h5>\n<p><strong>Holasek.eu, s.r.o.<\/strong><br \/>Bukov\u00e1 574\/7<br \/>CZ-586&nbsp;01 Jihlava<\/p>\n<p>I\u010cO: 08218641<br \/>UID-Nr.: CZ08218641<\/p>\n<p>[\/et_pb_text][\/et_pb_column][\/et_pb_row][\/et_pb_section]<\/p>\n","protected":false},"excerpt":{"rendered":"<p>Stoffangebot Bezugsstoffe &amp; Dekoration\u2192 Romo\u2192 Villa Nova\u2192 Kirkby Design\u2192 Backhausen\u2192 Simta s.p.a.\u2192 Clarke Clarke\u2192 Prestigious Textiles\u2192 Designers Guild \u2192 Echtleder Unsere Bezugsstoffe sind frei zu verkaufen und jeder kann die Stoffe in beliebiger Menge kaufen. Auch wenn man gerade nicht unsere Dienste ausn\u00fctzt. In unserem Sortiment haben wir Stoffe von tschechischen Lieferanten, welche auch in [&hellip;]<\/p>\n","protected":false},"author":3,"featured_media":0,"parent":0,"menu_order":0,"comment_status":"closed","ping_status":"closed","template":"","meta":{"_et_pb_use_builder":"on","_et_pb_old_content":"","_et_gb_content_width":"","_joinchat":[],"footnotes":""},"class_list":["post-699","page","type-page","status-publish","hentry"],"_links":{"self":[{"href":"https:\/\/www.holasek.eu\/de\/wp-json\/wp\/v2\/pages\/699","targetHints":{"allow":["GET"]}}],"collection":[{"href":"https:\/\/www.holasek.eu\/de\/wp-json\/wp\/v2\/pages"}],"about":[{"href":"https:\/\/www.holasek.eu\/de\/wp-json\/wp\/v2\/types\/page"}],"author":[{"embeddable":true,"href":"https:\/\/www.holasek.eu\/de\/wp-json\/wp\/v2\/users\/3"}],"replies":[{"embeddable":true,"href":"https:\/\/www.holasek.eu\/de\/wp-json\/wp\/v2\/comments?post=699"}],"version-history":[{"count":8,"href":"https:\/\/www.holasek.eu\/de\/wp-json\/wp\/v2\/pages\/699\/revisions"}],"predecessor-version":[{"id":1123,"href":"https:\/\/www.holasek.eu\/de\/wp-json\/wp\/v2\/pages\/699\/revisions\/1123"}],"wp:attachment":[{"href":"https:\/\/www.holasek.eu\/de\/wp-json\/wp\/v2\/media?parent=699"}],"curies":[{"name":"wp","href":"https:\/\/api.w.org\/{rel}","templated":true}]}}