{"id":702,"date":"2020-01-24T19:49:35","date_gmt":"2020-01-24T18:49:35","guid":{"rendered":"https:\/\/www.holasek.eu\/domains\/holasek.eu\/?page_id=702"},"modified":"2025-01-19T13:33:40","modified_gmt":"2025-01-19T12:33:40","slug":"tapezieren","status":"publish","type":"page","link":"https:\/\/www.holasek.eu\/de\/","title":{"rendered":"Home"},"content":{"rendered":"<p>[et_pb_section fb_built=&#8220;1&#8243; fullwidth=&#8220;on&#8220; _builder_version=&#8220;4.18.0&#8243; _module_preset=&#8220;default&#8220; box_shadow_style=&#8220;preset3&#8243; box_shadow_vertical=&#8220;6px&#8220; box_shadow_blur=&#8220;10px&#8220; global_colors_info=&#8220;{}&#8220;][et_pb_fullwidth_header header_fullscreen=&#8220;on&#8220; header_scroll_down=&#8220;on&#8220; scroll_down_icon=&#8220;%%0%%&#8220; button_one_text=&#8220;Dienstleistungen&#8220; button_one_url=&#8220;#sluzby&#8220; button_two_text=&#8220;Kontakt&#8220; button_two_url=&#8220;#kontakt&#8220; header_image_url=&#8220;https:\/\/www.holasek.eu\/domains\/holasek.eu\/wp-content\/uploads\/2022\/09\/1583935503K_20_0005_01-removebg-preview-720.png&#8220; _builder_version=&#8220;4.19.0&#8243; _module_preset=&#8220;default&#8220; title_font=&#8220;|300|||||||&#8220; title_font_size=&#8220;70px&#8220; title_line_height=&#8220;1.1em&#8220; background_enable_mask_style=&#8220;on&#8220; background_mask_color=&#8220;#43291D&#8220; custom_button_one=&#8220;on&#8220; button_one_text_color=&#8220;#000000&#8243; button_one_bg_color=&#8220;#FFFCF7&#8243; button_one_border_color=&#8220;#FFFCF7&#8243; custom_button_two=&#8220;on&#8220; button_two_text_color=&#8220;#FFFCF7&#8243; button_two_border_color=&#8220;#FFFCF7&#8243; animation_style=&#8220;fade&#8220; subhead_font_size_last_edited=&#8220;off|phone&#8220; global_colors_info=&#8220;{}&#8220;]<\/p>\n<h1>Tapezieren von <strong>Polsterm\u00f6bel<\/strong><\/h1>\n<h3><i>Sitzgarnituren, Sofas, Fauteuils, Sessel, St\u00fchle, Hocker, Antikm\u00f6bel.<\/i><\/h3>\n<p>[\/et_pb_fullwidth_header][\/et_pb_section][et_pb_section fb_built=&#8220;1&#8243; _builder_version=&#8220;4.18.0&#8243; background_color=&#8220;#372117&#8243; global_colors_info=&#8220;{}&#8220;][et_pb_row column_structure=&#8220;1_2,1_2&#8243; _builder_version=&#8220;4.18.0&#8243; background_size=&#8220;initial&#8220; background_position=&#8220;top_left&#8220; background_repeat=&#8220;repeat&#8220; global_colors_info=&#8220;{}&#8220;][et_pb_column type=&#8220;1_2&#8243; _builder_version=&#8220;4.16&#8243; custom_padding=&#8220;|||&#8220; global_colors_info=&#8220;{}&#8220; custom_padding__hover=&#8220;|||&#8220;][et_pb_text _builder_version=&#8220;4.19.0&#8243; header_2_font=&#8220;||||||||&#8220; background_size=&#8220;initial&#8220; background_position=&#8220;top_left&#8220; background_repeat=&#8220;repeat&#8220; background_layout=&#8220;dark&#8220; global_colors_info=&#8220;{}&#8220;]<\/p>\n<h2>Holasek.eu, s.ro.<br \/><strong>Upholstery &amp; Furniture<\/strong><\/h2>\n<p>wir sind ein Familienunernehmen und besch\u00e4ftigen uns mit Tapezieren von Polsterm\u00f6bel (Sitzgarnituren, Sofas, Fauteuils, Sessel, St\u00fchle, Hocker, Antikm\u00f6bel, etc.), deren Reperaturen und Verkauf.<\/p>\n<p>Wir besch\u00e4ftigen uns mit Reparaturen von Polsterm\u00f6bel aller Art. Wir k\u00fcmmern uns um die Polsterung bei Ihren St\u00fchlen, bei Ihrem gem\u00fctlichen Fernsehsessel, bei Ihrem Bett oder bei Ihrer Sitzgarnitur. Einen wesentlichen Teil unseres Portfolios bildet das Antikm\u00f6bel, dessen Reparatur auf dem traditionellen Weg verl\u00e4uft (d.h. die urspr\u00fcngliche F\u00fcllung mit afrikanischem Gras. Also kein Ersatz durch Schaumgummi). Dadurch genie\u00dfen Sie die Bequemlichkeit.<\/p>\n<p>Bezugsstoffe <strong>Romo,\u00a0Villa Nova,\u00a0Kirkby Design,\u00a0Backhausen,\u00a0Simta s.p.a.,\u00a0Clarke Clarke,\u00a0Prestigious Textiles a\u00a0Designers Guild<\/strong>.<\/p>\n<p><strong>Polsterei, N\u00e4hen von Vorh\u00e4ngen, Kissen, \u00dcberz\u00fcgen etc.<\/strong><\/p>\n<p>[\/et_pb_text][\/et_pb_column][et_pb_column type=&#8220;1_2&#8243; _builder_version=&#8220;4.16&#8243; custom_padding=&#8220;|||&#8220; global_colors_info=&#8220;{}&#8220; custom_padding__hover=&#8220;|||&#8220;][et_pb_image src=&#8220;https:\/\/www.holasek.eu\/domains\/holasek.eu\/wp-content\/uploads\/2022\/09\/IMG_20210111_151720_384.jpg&#8220; title_text=&#8220;IMG_20210111_151720_384&#8243; _builder_version=&#8220;4.18.0&#8243; _module_preset=&#8220;default&#8220; animation_style=&#8220;fade&#8220; global_colors_info=&#8220;{}&#8220;][\/et_pb_image][\/et_pb_column][\/et_pb_row][et_pb_row column_structure=&#8220;1_6,1_6,1_6,1_6,1_6,1_6&#8243; _builder_version=&#8220;4.18.0&#8243; _module_preset=&#8220;default&#8220; global_colors_info=&#8220;{}&#8220;][et_pb_column type=&#8220;1_6&#8243; _builder_version=&#8220;4.18.0&#8243; _module_preset=&#8220;default&#8220; global_colors_info=&#8220;{}&#8220;][et_pb_image src=&#8220;https:\/\/www.holasek.eu\/domains\/holasek.eu\/wp-content\/uploads\/2022\/09\/Logo-Romo.jpg&#8220; title_text=&#8220;Logo Romo&#8220; align=&#8220;center&#8220; _builder_version=&#8220;4.18.0&#8243; _module_preset=&#8220;default&#8220; global_colors_info=&#8220;{}&#8220;][\/et_pb_image][\/et_pb_column][et_pb_column type=&#8220;1_6&#8243; _builder_version=&#8220;4.18.0&#8243; _module_preset=&#8220;default&#8220; global_colors_info=&#8220;{}&#8220;][et_pb_image src=&#8220;https:\/\/www.holasek.eu\/domains\/holasek.eu\/wp-content\/uploads\/2022\/10\/logo-villanova.png&#8220; title_text=&#8220;logo-villanova&#8220; _builder_version=&#8220;4.18.0&#8243; _module_preset=&#8220;default&#8220; global_colors_info=&#8220;{}&#8220;][\/et_pb_image][\/et_pb_column][et_pb_column type=&#8220;1_6&#8243; _builder_version=&#8220;4.18.0&#8243; _module_preset=&#8220;default&#8220; global_colors_info=&#8220;{}&#8220;][et_pb_image src=&#8220;https:\/\/www.holasek.eu\/domains\/holasek.eu\/wp-content\/uploads\/2022\/10\/Logo-kirbydesign.png&#8220; title_text=&#8220;Logo kirbydesign&#8220; _builder_version=&#8220;4.18.0&#8243; _module_preset=&#8220;default&#8220; global_colors_info=&#8220;{}&#8220;][\/et_pb_image][\/et_pb_column][et_pb_column type=&#8220;1_6&#8243; _builder_version=&#8220;4.18.0&#8243; _module_preset=&#8220;default&#8220; global_colors_info=&#8220;{}&#8220;][et_pb_image src=&#8220;https:\/\/www.holasek.eu\/domains\/holasek.eu\/wp-content\/uploads\/2022\/09\/Logo-Backhausen.jpg&#8220; title_text=&#8220;Logo Backhausen&#8220; align=&#8220;center&#8220; _builder_version=&#8220;4.18.0&#8243; _module_preset=&#8220;default&#8220; global_colors_info=&#8220;{}&#8220;][\/et_pb_image][\/et_pb_column][et_pb_column type=&#8220;1_6&#8243; _builder_version=&#8220;4.18.0&#8243; _module_preset=&#8220;default&#8220; global_colors_info=&#8220;{}&#8220;][et_pb_image src=&#8220;https:\/\/www.holasek.eu\/domains\/holasek.eu\/wp-content\/uploads\/2022\/10\/Logo-Simta.png&#8220; title_text=&#8220;Logo Simta&#8220; _builder_version=&#8220;4.18.0&#8243; _module_preset=&#8220;default&#8220; global_colors_info=&#8220;{}&#8220;][\/et_pb_image][\/et_pb_column][et_pb_column type=&#8220;1_6&#8243; _builder_version=&#8220;4.18.0&#8243; _module_preset=&#8220;default&#8220; global_colors_info=&#8220;{}&#8220;][et_pb_image src=&#8220;https:\/\/www.holasek.eu\/domains\/holasek.eu\/wp-content\/uploads\/2022\/09\/Logo-Clarke.jpg&#8220; title_text=&#8220;Logo Clarke&#8220; _builder_version=&#8220;4.18.0&#8243; _module_preset=&#8220;default&#8220; global_colors_info=&#8220;{}&#8220;][\/et_pb_image][\/et_pb_column][\/et_pb_row][\/et_pb_section][et_pb_section fb_built=&#8220;1&#8243; module_id=&#8220;sluzby&#8220; _builder_version=&#8220;4.18.0&#8243; _module_preset=&#8220;default&#8220; background_color=&#8220;#43291D&#8220; global_colors_info=&#8220;{}&#8220;][et_pb_row column_structure=&#8220;1_3,1_3,1_3&#8243; _builder_version=&#8220;4.19.0&#8243; _module_preset=&#8220;default&#8220; global_colors_info=&#8220;{}&#8220;][et_pb_column type=&#8220;1_3&#8243; _builder_version=&#8220;4.18.0&#8243; _module_preset=&#8220;default&#8220; global_colors_info=&#8220;{}&#8220;][et_pb_blurb title=&#8220;Tapezieren von Polsterm\u00f6bel \u2192&#8220; url=&#8220;@ET-DC@eyJkeW5hbWljIjp0cnVlLCJjb250ZW50IjoicG9zdF9saW5rX3VybF9wYWdlIiwic2V0dGluZ3MiOnsicG9zdF9pZCI6IjEwMyJ9fQ==@&#8220; image=&#8220;https:\/\/www.holasek.eu\/domains\/holasek.eu\/wp-content\/uploads\/2022\/09\/Calouneny-nabytek.jpg&#8220; module_id=&#8220;calounictvi&#8220; _builder_version=&#8220;4.19.0&#8243; _dynamic_attributes=&#8220;url,link_option_url&#8220; _module_preset=&#8220;default&#8220; header_level=&#8220;h3&#8243; header_font=&#8220;|600|||||||&#8220; header_text_align=&#8220;center&#8220; transform_scale_last_edited=&#8220;off|desktop&#8220; transform_translate_last_edited=&#8220;off|desktop&#8220; transform_rotate_last_edited=&#8220;off|desktop&#8220; transform_skew_last_edited=&#8220;off|desktop&#8220; transform_origin_last_edited=&#8220;off|desktop&#8220; link_option_url=&#8220;@ET-DC@eyJkeW5hbWljIjp0cnVlLCJjb250ZW50IjoicG9zdF9saW5rX3VybF9wYWdlIiwic2V0dGluZ3MiOnsicG9zdF9pZCI6IjEwMyJ9fQ==@&#8220; header_text_align_last_edited=&#8220;off|desktop&#8220; border_radii=&#8220;on|10px|10px|10px|10px&#8220; global_colors_info=&#8220;{}&#8220; transform_styles__hover_enabled=&#8220;on|hover&#8220; transform_scale__hover_enabled=&#8220;on|hover&#8220; transform_scale__hover=&#8220;110%|110%&#8220;]<\/p>\n<p>Wie verlaufen die Arbeiten<\/p>\n<p>[\/et_pb_blurb][\/et_pb_column][et_pb_column type=&#8220;1_3&#8243; _builder_version=&#8220;4.18.0&#8243; _module_preset=&#8220;default&#8220; global_colors_info=&#8220;{}&#8220;][et_pb_blurb title=&#8220;Bezugsstoffe \u2192&#8220; url=&#8220;@ET-DC@eyJkeW5hbWljIjp0cnVlLCJjb250ZW50IjoicG9zdF9saW5rX3VybF9wYWdlIiwic2V0dGluZ3MiOnsicG9zdF9pZCI6IjE4NSJ9fQ==@&#8220; image=&#8220;https:\/\/www.holasek.eu\/domains\/holasek.eu\/wp-content\/uploads\/2022\/09\/Potahove-latky.jpg&#8220; module_id=&#8220;potahove-latky&#8220; _builder_version=&#8220;4.18.0&#8243; _dynamic_attributes=&#8220;url,link_option_url&#8220; _module_preset=&#8220;default&#8220; header_level=&#8220;h3&#8243; header_font=&#8220;|600|||||||&#8220; header_text_align=&#8220;center&#8220; link_option_url=&#8220;@ET-DC@eyJkeW5hbWljIjp0cnVlLCJjb250ZW50IjoicG9zdF9saW5rX3VybF9wYWdlIiwic2V0dGluZ3MiOnsicG9zdF9pZCI6IjE4NSJ9fQ==@&#8220; header_text_align_last_edited=&#8220;off|desktop&#8220; border_radii=&#8220;on|10px|10px|10px|10px&#8220; global_colors_info=&#8220;{}&#8220; transform_styles__hover_enabled=&#8220;on|hover&#8220; transform_scale__hover_enabled=&#8220;on|hover&#8220; transform_scale__hover=&#8220;110%|110%&#8220;]<\/p>\n<p>Welche Stoffe gibt es<\/p>\n<p>[\/et_pb_blurb][\/et_pb_column][et_pb_column type=&#8220;1_3&#8243; _builder_version=&#8220;4.18.0&#8243; _module_preset=&#8220;default&#8220; global_colors_info=&#8220;{}&#8220;][et_pb_blurb title=&#8220;  Verkauf  \u2192&#8220; url=&#8220;https:\/\/www.holasekshop.eu&#8220; url_new_window=&#8220;on&#8220; image=&#8220;https:\/\/www.holasek.eu\/domains\/holasek.eu\/wp-content\/uploads\/2022\/10\/Prodej.jpg&#8220; module_id=&#8220;prodej&#8220; _builder_version=&#8220;4.18.0&#8243; _module_preset=&#8220;default&#8220; header_level=&#8220;h3&#8243; header_font=&#8220;|600|||||||&#8220; header_text_align=&#8220;center&#8220; link_option_url_new_window=&#8220;on&#8220; header_text_align_last_edited=&#8220;off|desktop&#8220; border_radii=&#8220;on|10px|10px|10px|10px&#8220; global_colors_info=&#8220;{}&#8220; transform_styles__hover_enabled=&#8220;on|hover&#8220; transform_scale__hover_enabled=&#8220;on|hover&#8220; transform_scale__hover=&#8220;110%|110%&#8220;]<\/p>\n<p>E-shop<\/p>\n<p>[\/et_pb_blurb][\/et_pb_column][\/et_pb_row][\/et_pb_section][et_pb_section fb_built=&#8220;1&#8243; _builder_version=&#8220;4.18.0&#8243; _module_preset=&#8220;default&#8220; background_color=&#8220;#372117&#8243; global_module=&#8220;747&#8243; saved_tabs=&#8220;all&#8220; global_colors_info=&#8220;{}&#8220;][et_pb_row _builder_version=&#8220;4.18.0&#8243; _module_preset=&#8220;default&#8220; global_colors_info=&#8220;{}&#8220;][et_pb_column type=&#8220;4_4&#8243; _builder_version=&#8220;4.18.0&#8243; _module_preset=&#8220;default&#8220; global_colors_info=&#8220;{}&#8220;][et_pb_text _builder_version=&#8220;4.18.1&#8243; _module_preset=&#8220;default&#8220; global_colors_info=&#8220;{}&#8220;]<\/p>\n<h4>Referenzen<\/h4>\n<h2>Einiges aus unseren Auftr\u00e4gen\u00a0<\/h2>\n<p>[\/et_pb_text][el_dynamic_masonry_gallery number_of_images=&#8220;9&#8243; gallery_order_by=&#8220;rand&#8220; include_categories=&#8220;11&#8243; image_size=&#8220;large&#8220; _builder_version=&#8220;4.19.0&#8243; _module_preset=&#8220;default&#8220; global_colors_info=&#8220;{}&#8220;][\/el_dynamic_masonry_gallery][et_pb_button button_url=&#8220;@ET-DC@eyJkeW5hbWljIjp0cnVlLCJjb250ZW50IjoicG9zdF9saW5rX3VybF9wYWdlIiwic2V0dGluZ3MiOnsicG9zdF9pZCI6IjE5MiJ9fQ==@&#8220; button_text=&#8220;Alle&#8220; button_alignment=&#8220;center&#8220; _builder_version=&#8220;4.19.0&#8243; _dynamic_attributes=&#8220;button_url&#8220; _module_preset=&#8220;default&#8220; button_bg_color=&#8220;#FFC74C&#8220; global_colors_info=&#8220;{}&#8220;][\/et_pb_button][\/et_pb_column][\/et_pb_row][\/et_pb_section][et_pb_section fb_built=&#8220;1&#8243; module_id=&#8220;o-nas&#8220; _builder_version=&#8220;4.18.0&#8243; _module_preset=&#8220;default&#8220; background_color=&#8220;#43291D&#8220; global_colors_info=&#8220;{}&#8220;][et_pb_row _builder_version=&#8220;4.18.0&#8243; _module_preset=&#8220;default&#8220; global_colors_info=&#8220;{}&#8220;][et_pb_column type=&#8220;4_4&#8243; _builder_version=&#8220;4.18.0&#8243; _module_preset=&#8220;default&#8220; global_colors_info=&#8220;{}&#8220;][et_pb_text admin_label=&#8220;Text&#8220; _builder_version=&#8220;4.19.0&#8243; _module_preset=&#8220;default&#8220; global_colors_info=&#8220;{}&#8220;]<\/p>\n<h4>Tapezieren von Polsterm\u00f6bel Hol\u00e1sek<\/h4>\n<h2>Wir sind ein <strong>Familienunternehmen<\/strong> mit langj\u00e4hriger Tradition, Erfahrung und mit einer Vielzahl an <strong>neu tapezierten und reparierten Polsterm\u00f6beln<\/strong>.<\/h2>\n<p>[\/et_pb_text][\/et_pb_column][\/et_pb_row][et_pb_row column_structure=&#8220;1_3,2_3&#8243; _builder_version=&#8220;4.18.0&#8243; _module_preset=&#8220;default&#8220; global_colors_info=&#8220;{}&#8220;][et_pb_column type=&#8220;1_3&#8243; _builder_version=&#8220;4.18.0&#8243; _module_preset=&#8220;default&#8220; global_colors_info=&#8220;{}&#8220;][et_pb_image src=&#8220;https:\/\/www.holasek.eu\/domains\/holasek.eu\/wp-content\/uploads\/2022\/09\/o-nas.jpg&#8220; title_text=&#8220;o-nas&#8220; _builder_version=&#8220;4.18.0&#8243; _module_preset=&#8220;default&#8220; animation_style=&#8220;fade&#8220; global_colors_info=&#8220;{}&#8220;][\/et_pb_image][\/et_pb_column][et_pb_column type=&#8220;2_3&#8243; _builder_version=&#8220;4.18.0&#8243; _module_preset=&#8220;default&#8220; global_colors_info=&#8220;{}&#8220;][et_pb_text admin_label=&#8220;Text&#8220; _builder_version=&#8220;4.19.0&#8243; _module_preset=&#8220;default&#8220; background_layout=&#8220;dark&#8220; global_colors_info=&#8220;{}&#8220;]<\/p>\n<p>Unser Sitz ist in Znaim, wo auch das Unternehmen gegr\u00fcndet wurde. Unser Arbeitsplatz ist aber die ganze Tschechische Republik. Einen guten Ruf und viele zufriedene Kunden haben wir auch in anderen L\u00e4ndern, haupts\u00e4chlich in \u00d6sterreich und Deutschland.<\/p>\n<p>Wir besch\u00e4ftigen uns mit Reparaturen von Polsterm\u00f6bel aller Art. Wir k\u00fcmmern uns um die Polsterung bei Ihren St\u00fchlen, bei Ihrem gem\u00fctlichen Fernsehsessel, bei Ihrem Bett oder bei Ihrer Sitzgarnitur. Einen wesentlichen Teil unseres Portfolios bildet das Antikm\u00f6bel, dessen Reparatur auf dem traditionellen Weg verl\u00e4uft (d.h. die urspr\u00fcngliche F\u00fcllung mit afrikanischem Gras. Also kein Ersatz durch Schaumgummi). Dadurch genie\u00dfen Sie die Bequemlichkeit.<\/p>\n<p>Unser Ziel sind zufriedene Kunden! Und jeder Kunde ist bei uns herzlich willkommen! Wir unterscheiden nicht, ob wir nur Ihre K\u00fcchenst\u00fchle neu tapezieren sollen, oder gleich Ihre ganze Sitzgarnitur. Wir sch\u00e4tzen alle Kunden hoch! Unser Ziel, die Zufriedenheit bei unseren Kunden, erreichen wir durch hohe Qualit\u00e4t, die ein Standard bei uns ist, aber auch durch g\u00fcnstige Preispolitik und schnelle Kommunikation mit Ihnen!<\/p>\n<p>Schicken Sie uns einfach Ihre Anfrage (einfach per E-Mail oder WhatsApp) und \u00fcberzeugen Sie sich selbst.<\/p>\n<p>Auf Sie und Ihre M\u00f6bel freuen wir uns!<\/p>\n<p><em>Michal Hol\u00e1sek<br \/>Gesch\u00e4ftsf\u00fchrer<br \/><\/em><em>Tapezieren von Polsterm\u00f6bel<\/em><\/p>\n<p>[\/et_pb_text][\/et_pb_column][\/et_pb_row][\/et_pb_section][et_pb_section fb_built=&#8220;1&#8243; module_id=&#8220;kontakt&#8220; _builder_version=&#8220;4.18.0&#8243; _module_preset=&#8220;default&#8220; background_color=&#8220;#372117&#8243; global_module=&#8220;746&#8243; saved_tabs=&#8220;all&#8220; global_colors_info=&#8220;{}&#8220;][et_pb_row _builder_version=&#8220;4.18.0&#8243; _module_preset=&#8220;default&#8220; global_colors_info=&#8220;{}&#8220; custom_margin=&#8220;|auto||231px||&#8220;][et_pb_column type=&#8220;4_4&#8243; _builder_version=&#8220;4.18.0&#8243; _module_preset=&#8220;default&#8220; global_colors_info=&#8220;{}&#8220;][et_pb_text admin_label=&#8220;Text&#8220; _builder_version=&#8220;4.19.0&#8243; _module_preset=&#8220;default&#8220; header_4_font=&#8220;||||||||&#8220; background_layout=&#8220;dark&#8220; global_colors_info=&#8220;{}&#8220; width=&#8220;100%&#8220;]<\/p>\n<h4>Kontakt<\/h4>\n<h2>Wir sind in der Tschechischen Republik sowie in ganz <strong>\u00d6sterreich und Deutschland t\u00e4tig<\/strong><\/h2>\n<p><strong><\/strong><\/p>\n<p><strong><\/strong><\/p>\n<p style=\"text-align: center;\"><span style=\"font-size: large;\"><strong>falls Sie keine Antwort von uns sp\u00e4testens innerhalb von 48 Stunden bekommen, dann haben wir Ihre Emailnachricht leider nicht erhalten.<\/strong><\/span><\/p>\n<p style=\"text-align: center;\"><span style=\"font-size: large;\"><strong>Versuchen Sie es bitte per Anruf, SMS oder Whatsapp<\/strong><\/span><\/p>\n<p><strong><\/strong><\/p>\n<p>[\/et_pb_text][\/et_pb_column][\/et_pb_row][et_pb_row column_structure=&#8220;1_3,1_3,1_3&#8243; _builder_version=&#8220;4.18.0&#8243; _module_preset=&#8220;default&#8220; global_colors_info=&#8220;{}&#8220;][et_pb_column type=&#8220;1_3&#8243; _builder_version=&#8220;4.18.0&#8243; _module_preset=&#8220;default&#8220; global_colors_info=&#8220;{}&#8220;][et_pb_text _builder_version=&#8220;4.19.0&#8243; _module_preset=&#8220;default&#8220; link_font=&#8220;||||||||&#8220; link_text_color=&#8220;#E9E0D0&#8243; background_layout=&#8220;dark&#8220; global_colors_info=&#8220;{}&#8220;]<\/p>\n<h5>Gesch\u00e4ftsf\u00fchrer<\/h5>\n<p><strong>Michal Hol\u00e1sek<\/strong><br \/>Tel.: <a href=\"tel:+420777613658\">+420&nbsp;777&nbsp;613&nbsp;658<\/a><br \/>Email: <a href=\"mailto:michal.holasek@holasek.eu\" target=\"_blank\" rel=\"noopener\">michal.holasek@holasek.eu<\/a><br \/>Eshop: <a href=\"https:\/\/holasekshop.eu\" target=\"_blank\" rel=\"noopener\">www.holasekshop.eu<\/a><br \/>Web: <a href=\"https:\/\/www.holasek.eu\/\" target=\"_blank\" rel=\"noopener\">www.holasek.eu<\/a><\/p>\n<p><strong><span style=\"font-size: x-large;\"><em>Wir sprechen DEUTSCH!<\/em><\/span><\/strong><\/p>\n<p>[\/et_pb_text][et_pb_social_media_follow _builder_version=&#8220;4.18.0&#8243; _module_preset=&#8220;default&#8220; global_colors_info=&#8220;{}&#8220;][et_pb_social_media_follow_network social_network=&#8220;whatsapp&#8220; url=&#8220;https:\/\/wa.me\/420777613658&#8243; icon_color=&#8220;#372117&#8243; _builder_version=&#8220;4.18.0&#8243; _module_preset=&#8220;default&#8220; background_color=&#8220;#E9E0D0&#8243; background_enable_color=&#8220;on&#8220; global_colors_info=&#8220;{}&#8220; follow_button=&#8220;off&#8220; url_new_window=&#8220;on&#8220;]whatsapp[\/et_pb_social_media_follow_network][et_pb_social_media_follow_network social_network=&#8220;instagram&#8220; url=&#8220;https:\/\/www.instagram.com\/ufholasek\/&#8220; icon_color=&#8220;#372117&#8243; _builder_version=&#8220;4.18.0&#8243; _module_preset=&#8220;default&#8220; background_color=&#8220;#E9E0D0&#8243; background_enable_color=&#8220;on&#8220; global_colors_info=&#8220;{}&#8220; follow_button=&#8220;off&#8220; url_new_window=&#8220;on&#8220;]instagram[\/et_pb_social_media_follow_network][et_pb_social_media_follow_network social_network=&#8220;facebook&#8220; url=&#8220;https:\/\/www.facebook.com\/Holasekeu&#8220; icon_color=&#8220;#372117&#8243; _builder_version=&#8220;4.18.0&#8243; _module_preset=&#8220;default&#8220; background_color=&#8220;#E9E0D0&#8243; background_enable_color=&#8220;on&#8220; global_colors_info=&#8220;{}&#8220; follow_button=&#8220;off&#8220; url_new_window=&#8220;on&#8220;]facebook[\/et_pb_social_media_follow_network][\/et_pb_social_media_follow][\/et_pb_column][et_pb_column type=&#8220;1_3&#8243; _builder_version=&#8220;4.18.0&#8243; _module_preset=&#8220;default&#8220; global_colors_info=&#8220;{}&#8220;][et_pb_text admin_label=&#8220;Text&#8220; _builder_version=&#8220;4.19.0&#8243; _module_preset=&#8220;default&#8220; link_text_color=&#8220;#E9E0D0&#8243; background_layout=&#8220;dark&#8220; global_colors_info=&#8220;{}&#8220;]<\/p>\n<h5 style=\"text-align: left;\">Kontaktstellen<\/h5>\n<p style=\"text-align: left;\"><strong><span style=\"font-size: large;\">TERMINE nach vorheriger VEREINBARUNG<\/span><\/strong><br \/><a href=\"tel:+420777613658\">+420&nbsp;777&nbsp;613&nbsp;658<\/a><\/p>\n<p><strong>Znojmo<\/strong><br \/>Bratrstva 2127\/16<br \/>CZ-669&nbsp;02 Znojmo<\/p>\n<p><strong>Jihlava<\/strong><br \/>Business Park Jihlava<br \/>Anton\u00edn\u016fv D\u016fl 107<br \/>CZ-586&nbsp;01 Jihlava<\/p>\n<p>[\/et_pb_text][\/et_pb_column][et_pb_column type=&#8220;1_3&#8243; _builder_version=&#8220;4.18.0&#8243; _module_preset=&#8220;default&#8220; global_colors_info=&#8220;{}&#8220;][et_pb_text _builder_version=&#8220;4.19.0&#8243; _module_preset=&#8220;default&#8220; link_text_color=&#8220;#E9E0D0&#8243; background_layout=&#8220;dark&#8220; global_colors_info=&#8220;{}&#8220;]<\/p>\n<h5>Hauptsitz und Rechnungsadresse<\/h5>\n<p><strong>Holasek.eu, s.r.o.<\/strong><br \/>Bukov\u00e1 574\/7<br \/>CZ-586&nbsp;01 Jihlava<\/p>\n<p>I\u010cO: 08218641<br \/>UID-Nr.: CZ08218641<\/p>\n<p>[\/et_pb_text][\/et_pb_column][\/et_pb_row][\/et_pb_section][et_pb_section fb_built=&#8220;1&#8243; fullwidth=&#8220;on&#8220; _builder_version=&#8220;4.27.4&#8243; _module_preset=&#8220;default&#8220; global_colors_info=&#8220;{}&#8220;][\/et_pb_section]<\/p>\n","protected":false},"excerpt":{"rendered":"<p>Tapezieren von Polsterm\u00f6bel Sitzgarnituren, Sofas, Fauteuils, Sessel, St\u00fchle, Hocker, Antikm\u00f6bel.Holasek.eu, s.ro.Upholstery &amp; Furniture wir sind ein Familienunernehmen und besch\u00e4ftigen uns mit Tapezieren von Polsterm\u00f6bel (Sitzgarnituren, Sofas, Fauteuils, Sessel, St\u00fchle, Hocker, Antikm\u00f6bel, etc.), deren Reperaturen und Verkauf. Wir besch\u00e4ftigen uns mit Reparaturen von Polsterm\u00f6bel aller Art. Wir k\u00fcmmern uns um die Polsterung bei Ihren St\u00fchlen, bei [&hellip;]<\/p>\n","protected":false},"author":3,"featured_media":0,"parent":0,"menu_order":0,"comment_status":"closed","ping_status":"closed","template":"","meta":{"_et_pb_use_builder":"on","_et_pb_old_content":"<!-- wp:paragraph -->\r\n<p>This is an example page. It's different from a blog post because it will stay in one place and will show up in your site navigation (in most themes). Most people start with an About page that introduces them to potential site visitors. It might say something like this:<\/p>\r\n<!-- \/wp:paragraph --><!-- wp:quote -->\r\n<blockquote class=\"wp-block-quote\">\r\n<p>Hi there! I'm a bike messenger by day, aspiring actor by night, and this is my website. I live in Los Angeles, have a great dog named Jack, and I like pi\u00f1a coladas. (And gettin' caught in the rain.)<\/p>\r\n<\/blockquote>\r\n<!-- \/wp:quote --><!-- wp:paragraph -->\r\n<p>...or something like this:<\/p>\r\n<!-- \/wp:paragraph --><!-- wp:quote -->\r\n<blockquote class=\"wp-block-quote\">\r\n<p>The XYZ Doohickey Company was founded in 1971, and has been providing quality doohickeys to the public ever since. Located in Gotham City, XYZ employs over 2,000 people and does all kinds of awesome things for the Gotham community.<\/p>\r\n<\/blockquote>\r\n<!-- \/wp:quote --><!-- wp:paragraph -->\r\n<p>As a new WordPress user, you should go to <a href=\"https:\/\/www.holasek.eu\/domains\/holasek.eu\/wp-admin\/\">your dashboard<\/a> to delete this page and create new pages for your content. Have fun!<\/p>\r\n<!-- \/wp:paragraph -->","_et_gb_content_width":"","_joinchat":[],"footnotes":""},"class_list":["post-702","page","type-page","status-publish","hentry"],"_links":{"self":[{"href":"https:\/\/www.holasek.eu\/de\/wp-json\/wp\/v2\/pages\/702","targetHints":{"allow":["GET"]}}],"collection":[{"href":"https:\/\/www.holasek.eu\/de\/wp-json\/wp\/v2\/pages"}],"about":[{"href":"https:\/\/www.holasek.eu\/de\/wp-json\/wp\/v2\/types\/page"}],"author":[{"embeddable":true,"href":"https:\/\/www.holasek.eu\/de\/wp-json\/wp\/v2\/users\/3"}],"replies":[{"embeddable":true,"href":"https:\/\/www.holasek.eu\/de\/wp-json\/wp\/v2\/comments?post=702"}],"version-history":[{"count":27,"href":"https:\/\/www.holasek.eu\/de\/wp-json\/wp\/v2\/pages\/702\/revisions"}],"predecessor-version":[{"id":1165,"href":"https:\/\/www.holasek.eu\/de\/wp-json\/wp\/v2\/pages\/702\/revisions\/1165"}],"wp:attachment":[{"href":"https:\/\/www.holasek.eu\/de\/wp-json\/wp\/v2\/media?parent=702"}],"curies":[{"name":"wp","href":"https:\/\/api.w.org\/{rel}","templated":true}]}}